{"id":2211,"date":"2025-09-26T10:44:32","date_gmt":"2025-09-26T10:44:32","guid":{"rendered":"https:\/\/hpmotorrad-rentals.kotuko.rocks\/home\/"},"modified":"2026-04-01T10:03:42","modified_gmt":"2026-04-01T10:03:42","slug":"aluguel-de-motos-na-italia-2","status":"publish","type":"page","link":"https:\/\/www.hpmotorrad.rentals\/pt-br\/","title":{"rendered":"Home"},"content":{"rendered":"\t\t<div data-elementor-type=\"wp-page\" data-elementor-id=\"2211\" class=\"elementor elementor-2211 elementor-557\" data-elementor-post-type=\"page\">\n\t\t\t\t<div class=\"elementor-element elementor-element-468c0f5 e-flex e-con-boxed e-con e-parent\" data-id=\"468c0f5\" data-element_type=\"container\" data-e-type=\"container\">\n\t\t\t\t\t<div class=\"e-con-inner\">\n\t\t<div class=\"elementor-element elementor-element-84d76c5 e-con-full e-flex e-con e-child\" data-id=\"84d76c5\" data-element_type=\"container\" data-e-type=\"container\" data-settings=\"{&quot;background_background&quot;:&quot;classic&quot;}\">\n\t\t\t\t<div class=\"elementor-element elementor-element-4289ccf elementor-widget elementor-widget-heading\" data-id=\"4289ccf\" data-element_type=\"widget\" data-e-type=\"widget\" data-widget_type=\"heading.default\">\n\t\t\t\t\t<h2 class=\"elementor-heading-title elementor-size-default\">Motorcycle Self Guide &amp; Tours<\/h2>\t\t\t\t<\/div>\n\t\t\t\t<div class=\"elementor-element elementor-element-1626fe5 elementor-widget__width-initial elementor-widget elementor-widget-text-editor\" data-id=\"1626fe5\" data-element_type=\"widget\" data-e-type=\"widget\" data-widget_type=\"text-editor.default\">\n\t\t\t\t\t\t\t\t\tCom a HPMOTOTOURS, voc\u00ea pode alcan\u00e7ar os destinos dos seus sonhos e viver uma experi\u00eancia inesquec\u00edvel! N\u00f3s cuidamos de tudo.\n\t\t\t\t\t\t\t\t<\/div>\n\t\t\t\t<div class=\"elementor-element elementor-element-4556c93 elementor-widget elementor-widget-button\" data-id=\"4556c93\" data-element_type=\"widget\" data-e-type=\"widget\" data-widget_type=\"button.default\">\n\t\t\t\t\t\t\t\t\t\t<a class=\"elementor-button elementor-button-link elementor-size-sm\" href=\"https:\/\/www.hpmototours.com\/it\/\" target=\"_blank\" rel=\"noopener noreferrer nofollow\">\n\t\t\t\t\t\t<span class=\"elementor-button-content-wrapper\">\n\t\t\t\t\t\t\t\t\t<span class=\"elementor-button-text\">Encontre o seu Tour!<\/span>\n\t\t\t\t\t<\/span>\n\t\t\t\t\t<\/a>\n\t\t\t\t\t\t\t\t<\/div>\n\t\t\t\t<\/div>\n\t\t<div class=\"elementor-element elementor-element-5973273 e-con-full e-flex e-con e-child\" data-id=\"5973273\" data-element_type=\"container\" data-e-type=\"container\">\n\t\t<a class=\"elementor-element elementor-element-1e50058 e-con-full e-flex e-con e-child\" data-id=\"1e50058\" data-element_type=\"container\" data-e-type=\"container\" data-settings=\"{&quot;background_background&quot;:&quot;classic&quot;}\" href=\"https:\/\/www.hpmotorrad.rentals\/veicoli\/noleggio-auto\/\">\n\t\t\t\t<div class=\"elementor-element elementor-element-92d373c elementor-widget elementor-widget-heading\" data-id=\"92d373c\" data-element_type=\"widget\" data-e-type=\"widget\" data-widget_type=\"heading.default\">\n\t\t\t\t\t<h3 class=\"elementor-heading-title elementor-size-default\">CARRO DE LUXO<\/h3>\t\t\t\t<\/div>\n\t\t\t\t<\/a>\n\t\t<a class=\"elementor-element elementor-element-f5948d6 e-con-full e-flex e-con e-child\" data-id=\"f5948d6\" data-element_type=\"container\" data-e-type=\"container\" data-settings=\"{&quot;background_background&quot;:&quot;classic&quot;}\" href=\"https:\/\/www.hpmotorrad.rentals\/veicoli\/noleggio-moto-guzzi-hd\/\">\n\t\t\t\t<div class=\"elementor-element elementor-element-4e522dc elementor-widget elementor-widget-heading\" data-id=\"4e522dc\" data-element_type=\"widget\" data-e-type=\"widget\" data-widget_type=\"heading.default\">\n\t\t\t\t\t<h3 class=\"elementor-heading-title elementor-size-default\">Moto Guzzi &amp; HD<\/h3>\t\t\t\t<\/div>\n\t\t\t\t<div class=\"elementor-element elementor-element-4e8ece3 elementor-widget elementor-widget-text-editor\" data-id=\"4e8ece3\" data-element_type=\"widget\" data-e-type=\"widget\" data-widget_type=\"text-editor.default\">\n\t\t\t\t\t\t\t\t\tA hist\u00f3ria da motocicleta italiana e americana\t\t\t\t\t\t\t\t<\/div>\n\t\t\t\t<\/a>\n\t\t\t\t<\/div>\n\t\t\t\t\t<\/div>\n\t\t\t\t<\/div>\n\t\t<div class=\"elementor-element elementor-element-9cb4c12 e-flex e-con-boxed e-con e-parent\" data-id=\"9cb4c12\" data-element_type=\"container\" data-e-type=\"container\">\n\t\t\t\t\t<div class=\"e-con-inner\">\n\t\t<a class=\"elementor-element elementor-element-d309d17 e-con-full e-flex e-con e-child\" data-id=\"d309d17\" data-element_type=\"container\" data-e-type=\"container\" data-settings=\"{&quot;background_background&quot;:&quot;classic&quot;}\" href=\"https:\/\/www.hpmotorrad.rentals\/veicoli\/noleggio-moto-bmw\/\">\n\t\t\t\t<div class=\"elementor-element elementor-element-2f27524 elementor-widget elementor-widget-heading\" data-id=\"2f27524\" data-element_type=\"widget\" data-e-type=\"widget\" data-widget_type=\"heading.default\">\n\t\t\t\t\t<h3 class=\"elementor-heading-title elementor-size-default\">Bmw<\/h3>\t\t\t\t<\/div>\n\t\t\t\t<div class=\"elementor-element elementor-element-f289c91 elementor-widget elementor-widget-text-editor\" data-id=\"f289c91\" data-element_type=\"widget\" data-e-type=\"widget\" data-widget_type=\"text-editor.default\">\n\t\t\t\t\t\t\t\t\tPrefere uma BMW de prest\u00edgio?\nCom a RENT HP Motorrad voc\u00ea tem \u00e0 sua disposi\u00e7\u00e3o a linha completa, incluindo a nova R1200GS e a luxuosa Gran Turismo K1600GTL.\t\t\t\t\t\t\t\t<\/div>\n\t\t\t\t<\/a>\n\t\t<a class=\"elementor-element elementor-element-1d57f0a e-con-full e-flex e-con e-child\" data-id=\"1d57f0a\" data-element_type=\"container\" data-e-type=\"container\" data-settings=\"{&quot;background_background&quot;:&quot;classic&quot;}\" href=\"https:\/\/www.hpmotorrad.rentals\/veicoli\/noleggio-altre-moto\/\">\n\t\t\t\t<div class=\"elementor-element elementor-element-0f29bac elementor-widget elementor-widget-heading\" data-id=\"0f29bac\" data-element_type=\"widget\" data-e-type=\"widget\" data-widget_type=\"heading.default\">\n\t\t\t\t\t<h3 class=\"elementor-heading-title elementor-size-default\">Outras motos<\/h3>\t\t\t\t<\/div>\n\t\t\t\t<\/a>\n\t\t<a class=\"elementor-element elementor-element-8fb3428 e-con-full e-flex e-con e-child\" data-id=\"8fb3428\" data-element_type=\"container\" data-e-type=\"container\" data-settings=\"{&quot;background_background&quot;:&quot;classic&quot;}\" href=\"https:\/\/www.hpmotorrad.rentals\/veicoli\/noleggio-ducati\/\">\n\t\t\t\t<div class=\"elementor-element elementor-element-32b8b22 elementor-widget elementor-widget-heading\" data-id=\"32b8b22\" data-element_type=\"widget\" data-e-type=\"widget\" data-widget_type=\"heading.default\">\n\t\t\t\t\t<h3 class=\"elementor-heading-title elementor-size-default\">Ducati<\/h3>\t\t\t\t<\/div>\n\t\t\t\t<div class=\"elementor-element elementor-element-0b90fea elementor-widget elementor-widget-text-editor\" data-id=\"0b90fea\" data-element_type=\"widget\" data-e-type=\"widget\" data-widget_type=\"text-editor.default\">\n\t\t\t\t\t\t\t\t\tQuer alugar uma fant\u00e1stica Ducati?\nCom a RENT HP Motorrad voc\u00ea pode alugar a nova Hyperstrada, a j\u00e1 lend\u00e1ria Multistrada ou a musculosa e fascinante Diavel.\t\t\t\t\t\t\t\t<\/div>\n\t\t\t\t<\/a>\n\t\t<a class=\"elementor-element elementor-element-42804da e-con-full e-flex e-con e-child\" data-id=\"42804da\" data-element_type=\"container\" data-e-type=\"container\" data-settings=\"{&quot;background_background&quot;:&quot;classic&quot;}\" href=\"https:\/\/www.hpmotorrad.rentals\/veicoli\/noleggio-vespa-italia\/\">\n\t\t\t\t<div class=\"elementor-element elementor-element-512a254 elementor-widget elementor-widget-heading\" data-id=\"512a254\" data-element_type=\"widget\" data-e-type=\"widget\" data-widget_type=\"heading.default\">\n\t\t\t\t\t<h3 class=\"elementor-heading-title elementor-size-default\">Vespa<\/h3>\t\t\t\t<\/div>\n\t\t\t\t<div class=\"elementor-element elementor-element-b707767 elementor-widget elementor-widget-text-editor\" data-id=\"b707767\" data-element_type=\"widget\" data-e-type=\"widget\" data-widget_type=\"text-editor.default\">\n\t\t\t\t\t\t\t\t\tEstilo italiano e 70 anos de hist\u00f3ria!\nCom a HP Motorrad voc\u00ea pode alugar uma Vespa e reviver suas &#8220;f\u00e9rias romanas&#8221;.\t\t\t\t\t\t\t\t<\/div>\n\t\t\t\t<\/a>\n\t\t<a class=\"elementor-element elementor-element-d434783 e-con-full e-flex e-con e-child\" data-id=\"d434783\" data-element_type=\"container\" data-e-type=\"container\" data-settings=\"{&quot;background_background&quot;:&quot;classic&quot;}\" href=\"https:\/\/www.hpmototours.com\/it\/\" target=\"_blank\" rel=\"noopener noreferrer nofollow\">\n\t\t\t\t<div class=\"elementor-element elementor-element-88cf377 elementor-widget elementor-widget-heading\" data-id=\"88cf377\" data-element_type=\"widget\" data-e-type=\"widget\" data-widget_type=\"heading.default\">\n\t\t\t\t\t<h2 class=\"elementor-heading-title elementor-size-default\">Tour &amp; self guide<\/h2>\t\t\t\t<\/div>\n\t\t\t\t<\/a>\n\t\t\t\t\t<\/div>\n\t\t\t\t<\/div>\n\t\t<div class=\"elementor-element elementor-element-e53919e e-con-full e-flex e-con e-child\" data-id=\"e53919e\" data-element_type=\"container\" data-e-type=\"container\" data-settings=\"{&quot;background_background&quot;:&quot;classic&quot;}\">\n\t\t<div class=\"elementor-element elementor-element-f9c33d6 e-con-full e-flex e-con e-child\" data-id=\"f9c33d6\" data-element_type=\"container\" data-e-type=\"container\">\n\t\t\t\t<div class=\"elementor-element elementor-element-7e5134c elementor-widget elementor-widget-heading\" data-id=\"7e5134c\" data-element_type=\"widget\" data-e-type=\"widget\" data-widget_type=\"heading.default\">\n\t\t\t\t\t<h1 class=\"elementor-heading-title elementor-size-default\">Empresa l\u00edder em aluguel de motos e tours de moto<\/h1>\t\t\t\t<\/div>\n\t\t\t\t<div class=\"elementor-element elementor-element-c3c4f68 elementor-widget elementor-widget-text-editor\" data-id=\"c3c4f68\" data-element_type=\"widget\" data-e-type=\"widget\" data-widget_type=\"text-editor.default\">\n\t\t\t\t\t\t\t\t\t<p data-start=\"0\" data-end=\"568\">A HP Motorrad \u00e9 a refer\u00eancia na It\u00e1lia para quem deseja viver a experi\u00eancia de <strong data-start=\"79\" data-end=\"99\">aluguel de motos<\/strong> e tours sobre duas rodas de forma completa e inesquec\u00edvel. Com mais de 350 motos dispon\u00edveis em todo o territ\u00f3rio nacional, oferecemos ve\u00edculos potentes e confi\u00e1veis, incluindo as ic\u00f4nicas <strong data-start=\"289\" data-end=\"311\">BMW R 1300 GS e RT<\/strong>, as vers\u00e1teis <strong data-start=\"326\" data-end=\"349\">F 900 GS e F 800 GS<\/strong>, as elegantes <strong data-start=\"364\" data-end=\"386\">K1600GT e K1600GTL<\/strong> e as esportivas <strong data-start=\"403\" data-end=\"469\">Ducati Multistrada, Desert X, Hypermotard, Scrambler e Monster<\/strong>, perfeitas para qualquer tipo de viagem, desde estradas panor\u00e2micas at\u00e9 rotas mais desafiadoras.<\/p><p data-start=\"570\" data-end=\"1027\" data-is-last-node=\"\" data-is-only-node=\"\">Com a HP Motorrad, voc\u00ea pode explorar os lugares mais ic\u00f4nicos e deslumbrantes da It\u00e1lia: as <strong data-start=\"663\" data-end=\"676\">Dolomitas<\/strong> e os <strong data-start=\"682\" data-end=\"701\">Alpes italianos<\/strong> com seus espetaculares passes de montanha, as colinas e vilarejos hist\u00f3ricos da <strong data-start=\"782\" data-end=\"793\">Toscana<\/strong>, as impressionantes estradas da <strong data-start=\"826\" data-end=\"846\">Costa Amalfitana<\/strong>, e cidades de arte como <strong data-start=\"871\" data-end=\"905\">Roma, Floren\u00e7a, Veneza e Mil\u00e3o<\/strong>. Sem esquecer as belezas do sul da It\u00e1lia, como <strong data-start=\"954\" data-end=\"976\">Sic\u00edlia e Sardenha<\/strong>, ideais para roteiros \u00fanicos e cheios de aventura.<\/p>\t\t\t\t\t\t\t\t<\/div>\n\t\t\t\t<\/div>\n\t\t\t\t<\/div>\n\t\t\t\t<\/div>\n\t\t","protected":false},"excerpt":{"rendered":"<p>Motorcycle Self Guide &amp; Tours Com a HPMOTOTOURS, voc\u00ea pode alcan\u00e7ar os destinos dos seus sonhos e viver uma experi\u00eancia inesquec\u00edvel! N\u00f3s cuidamos de tudo. Encontre o seu Tour! CARRO DE LUXO Moto Guzzi &amp; HD A hist\u00f3ria da motocicleta italiana e americana Bmw Prefere uma BMW de prest\u00edgio? Com a RENT HP Motorrad voc\u00ea [&hellip;]<\/p>\n","protected":false},"author":1,"featured_media":0,"parent":0,"menu_order":0,"comment_status":"closed","ping_status":"closed","template":"","meta":{"_acf_changed":false,"footnotes":""},"class_list":["post-2211","page","type-page","status-publish","hentry"],"acf":[],"yoast_head":"<!-- This site is optimized with the Yoast SEO plugin v27.2 - https:\/\/yoast.com\/product\/yoast-seo-wordpress\/ -->\n<title>Aluguel de Motos na It\u00e1lia e Tours | BMW, Ducati HP Motorrad<\/title>\n<meta name=\"description\" content=\"Alugue uma moto BMW ou Ducati na It\u00e1lia com entrega em aeroportos, tours guiados, roteiros personalizados e suporte completo.\" \/>\n<meta name=\"robots\" content=\"index, follow, max-snippet:-1, max-image-preview:large, max-video-preview:-1\" \/>\n<link rel=\"canonical\" href=\"https:\/\/www.hpmotorrad.rentals\/pt-br\/\" \/>\n<meta property=\"og:locale\" content=\"pt_BR\" \/>\n<meta property=\"og:type\" content=\"article\" \/>\n<meta property=\"og:title\" content=\"Aluguel de Motos na It\u00e1lia e Tours | BMW, Ducati HP Motorrad\" \/>\n<meta property=\"og:description\" content=\"Alugue uma moto BMW ou Ducati na It\u00e1lia com entrega em aeroportos, tours guiados, roteiros personalizados e suporte completo.\" \/>\n<meta property=\"og:url\" content=\"https:\/\/www.hpmotorrad.rentals\/pt-br\/\" \/>\n<meta property=\"og:site_name\" content=\"HP Motorrad Rentals\" \/>\n<meta property=\"article:modified_time\" content=\"2026-04-01T10:03:42+00:00\" \/>\n<meta property=\"og:image\" content=\"https:\/\/www.hpmotorrad.rentals\/wp-content\/uploads\/2025\/09\/logo-seo.jpg\" \/>\n\t<meta property=\"og:image:width\" content=\"200\" \/>\n\t<meta property=\"og:image:height\" content=\"200\" \/>\n\t<meta property=\"og:image:type\" content=\"image\/jpeg\" \/>\n<meta name=\"twitter:card\" content=\"summary_large_image\" \/>\n<meta name=\"twitter:image\" content=\"https:\/\/www.hpmotorrad.rentals\/wp-content\/uploads\/2025\/09\/logo-seo.jpg\" \/>\n<meta name=\"twitter:label1\" content=\"Est. tempo de leitura\" \/>\n\t<meta name=\"twitter:data1\" content=\"2 minutos\" \/>\n<script type=\"application\/ld+json\" class=\"yoast-schema-graph\">{\"@context\":\"https:\/\/schema.org\",\"@graph\":[{\"@type\":\"WebPage\",\"@id\":\"https:\/\/www.hpmotorrad.rentals\/pt-br\/\",\"url\":\"https:\/\/www.hpmotorrad.rentals\/pt-br\/\",\"name\":\"Aluguel de Motos na It\u00e1lia e Tours | BMW, Ducati HP Motorrad\",\"isPartOf\":{\"@id\":\"https:\/\/www.hpmotorrad.rentals\/pt-br\/#website\"},\"datePublished\":\"2025-09-26T10:44:32+00:00\",\"dateModified\":\"2026-04-01T10:03:42+00:00\",\"description\":\"Alugue uma moto BMW ou Ducati na It\u00e1lia com entrega em aeroportos, tours guiados, roteiros personalizados e suporte completo.\",\"breadcrumb\":{\"@id\":\"https:\/\/www.hpmotorrad.rentals\/pt-br\/#breadcrumb\"},\"inLanguage\":\"pt-BR\",\"potentialAction\":[{\"@type\":\"ReadAction\",\"target\":[\"https:\/\/www.hpmotorrad.rentals\/pt-br\/\"]}]},{\"@type\":\"BreadcrumbList\",\"@id\":\"https:\/\/www.hpmotorrad.rentals\/pt-br\/#breadcrumb\",\"itemListElement\":[{\"@type\":\"ListItem\",\"position\":1,\"name\":\"Home\",\"item\":\"https:\/\/www.hpmotorrad.rentals\/pt-br\/\"},{\"@type\":\"ListItem\",\"position\":2,\"name\":\"Home\"}]},{\"@type\":\"WebSite\",\"@id\":\"https:\/\/www.hpmotorrad.rentals\/pt-br\/#website\",\"url\":\"https:\/\/www.hpmotorrad.rentals\/pt-br\/\",\"name\":\"HP Motorrad Rentals\",\"description\":\"\",\"publisher\":{\"@id\":\"https:\/\/www.hpmotorrad.rentals\/pt-br\/#organization\"},\"potentialAction\":[{\"@type\":\"SearchAction\",\"target\":{\"@type\":\"EntryPoint\",\"urlTemplate\":\"https:\/\/www.hpmotorrad.rentals\/pt-br\/?s={search_term_string}\"},\"query-input\":{\"@type\":\"PropertyValueSpecification\",\"valueRequired\":true,\"valueName\":\"search_term_string\"}}],\"inLanguage\":\"pt-BR\"},{\"@type\":\"Organization\",\"@id\":\"https:\/\/www.hpmotorrad.rentals\/pt-br\/#organization\",\"name\":\"HP Motorrad Rentals\",\"url\":\"https:\/\/www.hpmotorrad.rentals\/pt-br\/\",\"logo\":{\"@type\":\"ImageObject\",\"inLanguage\":\"pt-BR\",\"@id\":\"https:\/\/www.hpmotorrad.rentals\/pt-br\/#\/schema\/logo\/image\/\",\"url\":\"https:\/\/www.hpmotorrad.rentals\/wp-content\/uploads\/2025\/09\/logo-seo.jpg\",\"contentUrl\":\"https:\/\/www.hpmotorrad.rentals\/wp-content\/uploads\/2025\/09\/logo-seo.jpg\",\"width\":200,\"height\":200,\"caption\":\"HP Motorrad Rentals\"},\"image\":{\"@id\":\"https:\/\/www.hpmotorrad.rentals\/pt-br\/#\/schema\/logo\/image\/\"}}]}<\/script>\n<!-- \/ Yoast SEO plugin. -->","yoast_head_json":{"title":"Aluguel de Motos na It\u00e1lia e Tours | BMW, Ducati HP Motorrad","description":"Alugue uma moto BMW ou Ducati na It\u00e1lia com entrega em aeroportos, tours guiados, roteiros personalizados e suporte completo.","robots":{"index":"index","follow":"follow","max-snippet":"max-snippet:-1","max-image-preview":"max-image-preview:large","max-video-preview":"max-video-preview:-1"},"canonical":"https:\/\/www.hpmotorrad.rentals\/pt-br\/","og_locale":"pt_BR","og_type":"article","og_title":"Aluguel de Motos na It\u00e1lia e Tours | BMW, Ducati HP Motorrad","og_description":"Alugue uma moto BMW ou Ducati na It\u00e1lia com entrega em aeroportos, tours guiados, roteiros personalizados e suporte completo.","og_url":"https:\/\/www.hpmotorrad.rentals\/pt-br\/","og_site_name":"HP Motorrad Rentals","article_modified_time":"2026-04-01T10:03:42+00:00","og_image":[{"width":200,"height":200,"url":"https:\/\/www.hpmotorrad.rentals\/wp-content\/uploads\/2025\/09\/logo-seo.jpg","type":"image\/jpeg"}],"twitter_card":"summary_large_image","twitter_image":"https:\/\/www.hpmotorrad.rentals\/wp-content\/uploads\/2025\/09\/logo-seo.jpg","twitter_misc":{"Est. tempo de leitura":"2 minutos"},"schema":{"@context":"https:\/\/schema.org","@graph":[{"@type":"WebPage","@id":"https:\/\/www.hpmotorrad.rentals\/pt-br\/","url":"https:\/\/www.hpmotorrad.rentals\/pt-br\/","name":"Aluguel de Motos na It\u00e1lia e Tours | BMW, Ducati HP Motorrad","isPartOf":{"@id":"https:\/\/www.hpmotorrad.rentals\/pt-br\/#website"},"datePublished":"2025-09-26T10:44:32+00:00","dateModified":"2026-04-01T10:03:42+00:00","description":"Alugue uma moto BMW ou Ducati na It\u00e1lia com entrega em aeroportos, tours guiados, roteiros personalizados e suporte completo.","breadcrumb":{"@id":"https:\/\/www.hpmotorrad.rentals\/pt-br\/#breadcrumb"},"inLanguage":"pt-BR","potentialAction":[{"@type":"ReadAction","target":["https:\/\/www.hpmotorrad.rentals\/pt-br\/"]}]},{"@type":"BreadcrumbList","@id":"https:\/\/www.hpmotorrad.rentals\/pt-br\/#breadcrumb","itemListElement":[{"@type":"ListItem","position":1,"name":"Home","item":"https:\/\/www.hpmotorrad.rentals\/pt-br\/"},{"@type":"ListItem","position":2,"name":"Home"}]},{"@type":"WebSite","@id":"https:\/\/www.hpmotorrad.rentals\/pt-br\/#website","url":"https:\/\/www.hpmotorrad.rentals\/pt-br\/","name":"HP Motorrad Rentals","description":"","publisher":{"@id":"https:\/\/www.hpmotorrad.rentals\/pt-br\/#organization"},"potentialAction":[{"@type":"SearchAction","target":{"@type":"EntryPoint","urlTemplate":"https:\/\/www.hpmotorrad.rentals\/pt-br\/?s={search_term_string}"},"query-input":{"@type":"PropertyValueSpecification","valueRequired":true,"valueName":"search_term_string"}}],"inLanguage":"pt-BR"},{"@type":"Organization","@id":"https:\/\/www.hpmotorrad.rentals\/pt-br\/#organization","name":"HP Motorrad Rentals","url":"https:\/\/www.hpmotorrad.rentals\/pt-br\/","logo":{"@type":"ImageObject","inLanguage":"pt-BR","@id":"https:\/\/www.hpmotorrad.rentals\/pt-br\/#\/schema\/logo\/image\/","url":"https:\/\/www.hpmotorrad.rentals\/wp-content\/uploads\/2025\/09\/logo-seo.jpg","contentUrl":"https:\/\/www.hpmotorrad.rentals\/wp-content\/uploads\/2025\/09\/logo-seo.jpg","width":200,"height":200,"caption":"HP Motorrad Rentals"},"image":{"@id":"https:\/\/www.hpmotorrad.rentals\/pt-br\/#\/schema\/logo\/image\/"}}]}},"_links":{"self":[{"href":"https:\/\/www.hpmotorrad.rentals\/pt-br\/wp-json\/wp\/v2\/pages\/2211","targetHints":{"allow":["GET"]}}],"collection":[{"href":"https:\/\/www.hpmotorrad.rentals\/pt-br\/wp-json\/wp\/v2\/pages"}],"about":[{"href":"https:\/\/www.hpmotorrad.rentals\/pt-br\/wp-json\/wp\/v2\/types\/page"}],"author":[{"embeddable":true,"href":"https:\/\/www.hpmotorrad.rentals\/pt-br\/wp-json\/wp\/v2\/users\/1"}],"replies":[{"embeddable":true,"href":"https:\/\/www.hpmotorrad.rentals\/pt-br\/wp-json\/wp\/v2\/comments?post=2211"}],"version-history":[{"count":10,"href":"https:\/\/www.hpmotorrad.rentals\/pt-br\/wp-json\/wp\/v2\/pages\/2211\/revisions"}],"predecessor-version":[{"id":5553,"href":"https:\/\/www.hpmotorrad.rentals\/pt-br\/wp-json\/wp\/v2\/pages\/2211\/revisions\/5553"}],"wp:attachment":[{"href":"https:\/\/www.hpmotorrad.rentals\/pt-br\/wp-json\/wp\/v2\/media?parent=2211"}],"curies":[{"name":"wp","href":"https:\/\/api.w.org\/{rel}","templated":true}]}}