{"id":1359,"date":"2025-09-25T10:33:30","date_gmt":"2025-09-25T10:33:30","guid":{"rendered":"https:\/\/hpmotorrad-rentals.kotuko.rocks\/chi-siamo\/"},"modified":"2025-11-25T15:05:44","modified_gmt":"2025-11-25T15:05:44","slug":"sobre-aluguel-de-motos-na-italia","status":"publish","type":"page","link":"https:\/\/www.hpmotorrad.rentals\/pt-br\/sobre-aluguel-de-motos-na-italia\/","title":{"rendered":"Sobre a HP Motorrad"},"content":{"rendered":"\t\t<div data-elementor-type=\"wp-page\" data-elementor-id=\"1359\" class=\"elementor elementor-1359 elementor-93\" data-elementor-post-type=\"page\">\n\t\t\t\t<div class=\"elementor-element elementor-element-a9ab4f0 e-flex e-con-boxed e-con e-parent\" data-id=\"a9ab4f0\" data-element_type=\"container\" data-e-type=\"container\">\n\t\t\t\t\t<div class=\"e-con-inner\">\n\t\t<div class=\"elementor-element elementor-element-49ffaa0 e-con-full e-flex e-con e-child\" data-id=\"49ffaa0\" data-element_type=\"container\" data-e-type=\"container\">\n\t\t\t\t<div class=\"elementor-element elementor-element-017a63d elementor-widget elementor-widget-heading\" data-id=\"017a63d\" data-element_type=\"widget\" data-e-type=\"widget\" data-widget_type=\"heading.default\">\n\t\t\t\t\t<h1 class=\"elementor-heading-title elementor-size-default\">Sobre a HP Motorrad<\/h1>\t\t\t\t<\/div>\n\t\t\t\t<div class=\"elementor-element elementor-element-7844d95 elementor-widget elementor-widget-text-editor\" data-id=\"7844d95\" data-element_type=\"widget\" data-e-type=\"widget\" data-widget_type=\"text-editor.default\">\n\t\t\t\t\t\t\t\t\t<h1 data-start=\"4595\" data-end=\"4642\"><strong data-start=\"4595\" data-end=\"4642\">HP Motorrad Rentals It\u00e1lia<\/strong><\/h1>\n<h2 data-start=\"4644\" data-end=\"4704\"><strong data-start=\"4647\" data-end=\"4702\">Nossa miss\u00e3o: fazer voc\u00ea descobrir a It\u00e1lia de moto<\/strong><\/h2>\n<p data-start=\"4705\" data-end=\"5014\">A HP Motorrad \u00e9 uma empresa italiana especializada no <strong data-start=\"4759\" data-end=\"4787\">aluguel de motos premium<\/strong> e na cria\u00e7\u00e3o de <strong data-start=\"4804\" data-end=\"4838\">experi\u00eancias de viagem de moto<\/strong> pela It\u00e1lia e Europa. Nossa frota com BMW GS, Ducati Multistrada e motos touring \u00e9 perfeita para explorar os <b>Dolomitas<\/b>, <b>Toscana<\/b>, os <b>Alpes <\/b>e as estradas mais bonitas da Europa.<\/p>\n<h2 data-start=\"5016\" data-end=\"5055\"><strong data-start=\"5019\" data-end=\"5053\">Experi\u00eancia e profissionalismo<\/strong><\/h2>\n<p data-start=\"5056\" data-end=\"5275\">Com mais de <strong data-start=\"5068\" data-end=\"5094\">15 anos de experi\u00eancia<\/strong>, conhecemos as melhores rotas, os melhores passos de montanha e tudo o que um motociclista precisa para viajar com seguran\u00e7a e conforto. Todas as motos recebem manuten\u00e7\u00e3o completa.<\/p>\n<h2 data-start=\"5277\" data-end=\"5347\"><strong data-start=\"5280\" data-end=\"5345\">Servi\u00e7os pensados para brasileiros e viajantes internacionais<\/strong><\/h2>\n<ul data-start=\"5348\" data-end=\"5654\">\n<li data-start=\"5348\" data-end=\"5376\">\n<p data-start=\"5350\" data-end=\"5376\">Aluguel de motos premium<\/p>\n<\/li>\n<li data-start=\"5377\" data-end=\"5435\">\n<p data-start=\"5379\" data-end=\"5435\">Entrega em aeroportos, hot\u00e9is ou cidade (servi\u00e7o pago)<\/p>\n<\/li>\n<li data-start=\"5436\" data-end=\"5515\">\n<p data-start=\"5438\" data-end=\"5515\"><strong data-start=\"5438\" data-end=\"5513\">Entrega e retirada de motos em toda a Europa sob demanda (servi\u00e7o pago)<\/strong><\/p>\n<\/li>\n<li data-start=\"5516\" data-end=\"5555\">\n<p data-start=\"5518\" data-end=\"5555\">Rotas personalizadas<\/p>\n<\/li>\n<li data-start=\"5556\" data-end=\"5587\">\n<p data-start=\"5558\" data-end=\"5587\">Tours guiados e self-guided<\/p>\n<\/li>\n<li data-start=\"5588\" data-end=\"5612\">\n<p data-start=\"5590\" data-end=\"5612\">Assist\u00eancia<\/p>\n<\/li>\n<li data-start=\"5613\" data-end=\"5654\">\n<p data-start=\"5615\" data-end=\"5654\">Suporte em ingl\u00eas<\/p>\n<\/li>\n<\/ul>\n<h2 data-start=\"5656\" data-end=\"5695\"><strong data-start=\"5659\" data-end=\"5693\">Por que escolher a HP Motorrad<\/strong><\/h2>\n<ul data-start=\"5696\" data-end=\"5805\">\n<li data-start=\"5696\" data-end=\"5726\">\n<p data-start=\"5698\" data-end=\"5726\">Frota premium BMW &amp; Ducati<\/p>\n<\/li>\n<li data-start=\"5727\" data-end=\"5751\">\n<p data-start=\"5729\" data-end=\"5751\">Pre\u00e7os transparentes<\/p>\n<\/li>\n<li data-start=\"5752\" data-end=\"5776\">\n<p data-start=\"5754\" data-end=\"5776\">Atendimento dedicado<\/p>\n<\/li>\n<li data-start=\"5777\" data-end=\"5805\">\n<p data-start=\"5779\" data-end=\"5805\">Paix\u00e3o por viagens de moto<\/p>\n<\/li>\n<\/ul>\n<h2 data-start=\"5807\" data-end=\"5827\"><strong data-start=\"5810\" data-end=\"5825\">Nossa vis\u00e3o<\/strong><\/h2>\n<p data-start=\"5828\" data-end=\"5963\">Ser a principal refer\u00eancia em <strong data-start=\"5858\" data-end=\"5888\">aluguel de motos na It\u00e1lia<\/strong>, oferecendo experi\u00eancias inesquec\u00edveis para motociclistas de todo o mundo.<\/p>\t\t\t\t\t\t\t\t<\/div>\n\t\t\t\t<\/div>\n\t\t\t\t<div class=\"elementor-element elementor-element-ba0731d elementor-widget__width-initial elementor-widget elementor-widget-image\" data-id=\"ba0731d\" data-element_type=\"widget\" data-e-type=\"widget\" data-widget_type=\"image.default\">\n\t\t\t\t\t\t\t\t\t\t\t\t\t\t\t<img fetchpriority=\"high\" decoding=\"async\" width=\"1188\" height=\"926\" src=\"https:\/\/www.hpmotorrad.rentals\/wp-content\/uploads\/2025\/09\/novegro-qde-hp-SOLE.jpg\" class=\"attachment-full size-full wp-image-1357\" alt=\"\" srcset=\"https:\/\/www.hpmotorrad.rentals\/wp-content\/uploads\/2025\/09\/novegro-qde-hp-SOLE.jpg 1188w, https:\/\/www.hpmotorrad.rentals\/wp-content\/uploads\/2025\/09\/novegro-qde-hp-SOLE-300x234.jpg 300w, https:\/\/www.hpmotorrad.rentals\/wp-content\/uploads\/2025\/09\/novegro-qde-hp-SOLE-1024x798.jpg 1024w, https:\/\/www.hpmotorrad.rentals\/wp-content\/uploads\/2025\/09\/novegro-qde-hp-SOLE-768x599.jpg 768w\" sizes=\"(max-width: 1188px) 100vw, 1188px\" \/>\t\t\t\t\t\t\t\t\t\t\t\t\t\t\t<\/div>\n\t\t\t\t\t<\/div>\n\t\t\t\t<\/div>\n\t\t\t\t<\/div>\n\t\t","protected":false},"excerpt":{"rendered":"<p>HP Motorrad Rentals It\u00e1lia Nossa miss\u00e3o: fazer voc\u00ea descobrir a It\u00e1lia de moto A HP Motorrad \u00e9 uma empresa italiana especializada no aluguel de motos premium e na cria\u00e7\u00e3o de experi\u00eancias de viagem de moto pela It\u00e1lia e Europa. Nossa frota com BMW GS, Ducati Multistrada e motos touring \u00e9 perfeita para explorar os Dolomitas, [&hellip;]<\/p>\n","protected":false},"author":1,"featured_media":0,"parent":0,"menu_order":0,"comment_status":"closed","ping_status":"closed","template":"","meta":{"_acf_changed":false,"footnotes":""},"class_list":["post-1359","page","type-page","status-publish","hentry"],"acf":[],"yoast_head":"<!-- This site is optimized with the Yoast SEO plugin v27.2 - https:\/\/yoast.com\/product\/yoast-seo-wordpress\/ -->\n<title>Quem Somos \u2013 HP Motorrad | Aluguel de Motos BMW na It\u00e1lia<\/title>\n<meta name=\"description\" content=\"HP Motorrad, refer\u00eancia no aluguel de motos BMW e Ducati na It\u00e1lia, com servi\u00e7o premium, rotas personalizadas e entrega em toda a Europa\" \/>\n<meta name=\"robots\" content=\"index, follow, max-snippet:-1, max-image-preview:large, max-video-preview:-1\" \/>\n<link rel=\"canonical\" href=\"https:\/\/www.hpmotorrad.rentals\/pt-br\/sobre-aluguel-de-motos-na-italia\/\" \/>\n<meta property=\"og:locale\" content=\"pt_BR\" \/>\n<meta property=\"og:type\" content=\"article\" \/>\n<meta property=\"og:title\" content=\"Quem Somos \u2013 HP Motorrad | Aluguel de Motos BMW na It\u00e1lia\" \/>\n<meta property=\"og:description\" content=\"HP Motorrad, refer\u00eancia no aluguel de motos BMW e Ducati na It\u00e1lia, com servi\u00e7o premium, rotas personalizadas e entrega em toda a Europa\" \/>\n<meta property=\"og:url\" content=\"https:\/\/www.hpmotorrad.rentals\/pt-br\/sobre-aluguel-de-motos-na-italia\/\" \/>\n<meta property=\"og:site_name\" content=\"HP Motorrad Rentals\" \/>\n<meta property=\"article:modified_time\" content=\"2025-11-25T15:05:44+00:00\" \/>\n<meta property=\"og:image\" content=\"https:\/\/www.hpmotorrad.rentals\/wp-content\/uploads\/2025\/09\/novegro-qde-hp-SOLE.jpg\" \/>\n<meta name=\"twitter:card\" content=\"summary_large_image\" \/>\n<meta name=\"twitter:label1\" content=\"Est. tempo de leitura\" \/>\n\t<meta name=\"twitter:data1\" content=\"2 minutos\" \/>\n<script type=\"application\/ld+json\" class=\"yoast-schema-graph\">{\"@context\":\"https:\/\/schema.org\",\"@graph\":[{\"@type\":\"WebPage\",\"@id\":\"https:\/\/www.hpmotorrad.rentals\/pt-br\/sobre-aluguel-de-motos-na-italia\/\",\"url\":\"https:\/\/www.hpmotorrad.rentals\/pt-br\/sobre-aluguel-de-motos-na-italia\/\",\"name\":\"Quem Somos \u2013 HP Motorrad | Aluguel de Motos BMW na It\u00e1lia\",\"isPartOf\":{\"@id\":\"https:\/\/www.hpmotorrad.rentals\/pt-br\/#website\"},\"primaryImageOfPage\":{\"@id\":\"https:\/\/www.hpmotorrad.rentals\/pt-br\/sobre-aluguel-de-motos-na-italia\/#primaryimage\"},\"image\":{\"@id\":\"https:\/\/www.hpmotorrad.rentals\/pt-br\/sobre-aluguel-de-motos-na-italia\/#primaryimage\"},\"thumbnailUrl\":\"https:\/\/www.hpmotorrad.rentals\/wp-content\/uploads\/2025\/09\/novegro-qde-hp-SOLE.jpg\",\"datePublished\":\"2025-09-25T10:33:30+00:00\",\"dateModified\":\"2025-11-25T15:05:44+00:00\",\"description\":\"HP Motorrad, refer\u00eancia no aluguel de motos BMW e Ducati na It\u00e1lia, com servi\u00e7o premium, rotas personalizadas e entrega em toda a Europa\",\"breadcrumb\":{\"@id\":\"https:\/\/www.hpmotorrad.rentals\/pt-br\/sobre-aluguel-de-motos-na-italia\/#breadcrumb\"},\"inLanguage\":\"pt-BR\",\"potentialAction\":[{\"@type\":\"ReadAction\",\"target\":[\"https:\/\/www.hpmotorrad.rentals\/pt-br\/sobre-aluguel-de-motos-na-italia\/\"]}]},{\"@type\":\"ImageObject\",\"inLanguage\":\"pt-BR\",\"@id\":\"https:\/\/www.hpmotorrad.rentals\/pt-br\/sobre-aluguel-de-motos-na-italia\/#primaryimage\",\"url\":\"https:\/\/www.hpmotorrad.rentals\/wp-content\/uploads\/2025\/09\/novegro-qde-hp-SOLE.jpg\",\"contentUrl\":\"https:\/\/www.hpmotorrad.rentals\/wp-content\/uploads\/2025\/09\/novegro-qde-hp-SOLE.jpg\"},{\"@type\":\"BreadcrumbList\",\"@id\":\"https:\/\/www.hpmotorrad.rentals\/pt-br\/sobre-aluguel-de-motos-na-italia\/#breadcrumb\",\"itemListElement\":[{\"@type\":\"ListItem\",\"position\":1,\"name\":\"Home\",\"item\":\"https:\/\/www.hpmotorrad.rentals\/pt-br\/\"},{\"@type\":\"ListItem\",\"position\":2,\"name\":\"Sobre a HP Motorrad\"}]},{\"@type\":\"WebSite\",\"@id\":\"https:\/\/www.hpmotorrad.rentals\/pt-br\/#website\",\"url\":\"https:\/\/www.hpmotorrad.rentals\/pt-br\/\",\"name\":\"HP Motorrad Rentals\",\"description\":\"\",\"publisher\":{\"@id\":\"https:\/\/www.hpmotorrad.rentals\/pt-br\/#organization\"},\"potentialAction\":[{\"@type\":\"SearchAction\",\"target\":{\"@type\":\"EntryPoint\",\"urlTemplate\":\"https:\/\/www.hpmotorrad.rentals\/pt-br\/?s={search_term_string}\"},\"query-input\":{\"@type\":\"PropertyValueSpecification\",\"valueRequired\":true,\"valueName\":\"search_term_string\"}}],\"inLanguage\":\"pt-BR\"},{\"@type\":\"Organization\",\"@id\":\"https:\/\/www.hpmotorrad.rentals\/pt-br\/#organization\",\"name\":\"HP Motorrad Rentals\",\"url\":\"https:\/\/www.hpmotorrad.rentals\/pt-br\/\",\"logo\":{\"@type\":\"ImageObject\",\"inLanguage\":\"pt-BR\",\"@id\":\"https:\/\/www.hpmotorrad.rentals\/pt-br\/#\/schema\/logo\/image\/\",\"url\":\"https:\/\/www.hpmotorrad.rentals\/wp-content\/uploads\/2025\/09\/logo-seo.jpg\",\"contentUrl\":\"https:\/\/www.hpmotorrad.rentals\/wp-content\/uploads\/2025\/09\/logo-seo.jpg\",\"width\":200,\"height\":200,\"caption\":\"HP Motorrad Rentals\"},\"image\":{\"@id\":\"https:\/\/www.hpmotorrad.rentals\/pt-br\/#\/schema\/logo\/image\/\"}}]}<\/script>\n<!-- \/ Yoast SEO plugin. -->","yoast_head_json":{"title":"Quem Somos \u2013 HP Motorrad | Aluguel de Motos BMW na It\u00e1lia","description":"HP Motorrad, refer\u00eancia no aluguel de motos BMW e Ducati na It\u00e1lia, com servi\u00e7o premium, rotas personalizadas e entrega em toda a Europa","robots":{"index":"index","follow":"follow","max-snippet":"max-snippet:-1","max-image-preview":"max-image-preview:large","max-video-preview":"max-video-preview:-1"},"canonical":"https:\/\/www.hpmotorrad.rentals\/pt-br\/sobre-aluguel-de-motos-na-italia\/","og_locale":"pt_BR","og_type":"article","og_title":"Quem Somos \u2013 HP Motorrad | Aluguel de Motos BMW na It\u00e1lia","og_description":"HP Motorrad, refer\u00eancia no aluguel de motos BMW e Ducati na It\u00e1lia, com servi\u00e7o premium, rotas personalizadas e entrega em toda a Europa","og_url":"https:\/\/www.hpmotorrad.rentals\/pt-br\/sobre-aluguel-de-motos-na-italia\/","og_site_name":"HP Motorrad Rentals","article_modified_time":"2025-11-25T15:05:44+00:00","og_image":[{"url":"https:\/\/www.hpmotorrad.rentals\/wp-content\/uploads\/2025\/09\/novegro-qde-hp-SOLE.jpg","type":"","width":"","height":""}],"twitter_card":"summary_large_image","twitter_misc":{"Est. tempo de leitura":"2 minutos"},"schema":{"@context":"https:\/\/schema.org","@graph":[{"@type":"WebPage","@id":"https:\/\/www.hpmotorrad.rentals\/pt-br\/sobre-aluguel-de-motos-na-italia\/","url":"https:\/\/www.hpmotorrad.rentals\/pt-br\/sobre-aluguel-de-motos-na-italia\/","name":"Quem Somos \u2013 HP Motorrad | Aluguel de Motos BMW na It\u00e1lia","isPartOf":{"@id":"https:\/\/www.hpmotorrad.rentals\/pt-br\/#website"},"primaryImageOfPage":{"@id":"https:\/\/www.hpmotorrad.rentals\/pt-br\/sobre-aluguel-de-motos-na-italia\/#primaryimage"},"image":{"@id":"https:\/\/www.hpmotorrad.rentals\/pt-br\/sobre-aluguel-de-motos-na-italia\/#primaryimage"},"thumbnailUrl":"https:\/\/www.hpmotorrad.rentals\/wp-content\/uploads\/2025\/09\/novegro-qde-hp-SOLE.jpg","datePublished":"2025-09-25T10:33:30+00:00","dateModified":"2025-11-25T15:05:44+00:00","description":"HP Motorrad, refer\u00eancia no aluguel de motos BMW e Ducati na It\u00e1lia, com servi\u00e7o premium, rotas personalizadas e entrega em toda a Europa","breadcrumb":{"@id":"https:\/\/www.hpmotorrad.rentals\/pt-br\/sobre-aluguel-de-motos-na-italia\/#breadcrumb"},"inLanguage":"pt-BR","potentialAction":[{"@type":"ReadAction","target":["https:\/\/www.hpmotorrad.rentals\/pt-br\/sobre-aluguel-de-motos-na-italia\/"]}]},{"@type":"ImageObject","inLanguage":"pt-BR","@id":"https:\/\/www.hpmotorrad.rentals\/pt-br\/sobre-aluguel-de-motos-na-italia\/#primaryimage","url":"https:\/\/www.hpmotorrad.rentals\/wp-content\/uploads\/2025\/09\/novegro-qde-hp-SOLE.jpg","contentUrl":"https:\/\/www.hpmotorrad.rentals\/wp-content\/uploads\/2025\/09\/novegro-qde-hp-SOLE.jpg"},{"@type":"BreadcrumbList","@id":"https:\/\/www.hpmotorrad.rentals\/pt-br\/sobre-aluguel-de-motos-na-italia\/#breadcrumb","itemListElement":[{"@type":"ListItem","position":1,"name":"Home","item":"https:\/\/www.hpmotorrad.rentals\/pt-br\/"},{"@type":"ListItem","position":2,"name":"Sobre a HP Motorrad"}]},{"@type":"WebSite","@id":"https:\/\/www.hpmotorrad.rentals\/pt-br\/#website","url":"https:\/\/www.hpmotorrad.rentals\/pt-br\/","name":"HP Motorrad Rentals","description":"","publisher":{"@id":"https:\/\/www.hpmotorrad.rentals\/pt-br\/#organization"},"potentialAction":[{"@type":"SearchAction","target":{"@type":"EntryPoint","urlTemplate":"https:\/\/www.hpmotorrad.rentals\/pt-br\/?s={search_term_string}"},"query-input":{"@type":"PropertyValueSpecification","valueRequired":true,"valueName":"search_term_string"}}],"inLanguage":"pt-BR"},{"@type":"Organization","@id":"https:\/\/www.hpmotorrad.rentals\/pt-br\/#organization","name":"HP Motorrad Rentals","url":"https:\/\/www.hpmotorrad.rentals\/pt-br\/","logo":{"@type":"ImageObject","inLanguage":"pt-BR","@id":"https:\/\/www.hpmotorrad.rentals\/pt-br\/#\/schema\/logo\/image\/","url":"https:\/\/www.hpmotorrad.rentals\/wp-content\/uploads\/2025\/09\/logo-seo.jpg","contentUrl":"https:\/\/www.hpmotorrad.rentals\/wp-content\/uploads\/2025\/09\/logo-seo.jpg","width":200,"height":200,"caption":"HP Motorrad Rentals"},"image":{"@id":"https:\/\/www.hpmotorrad.rentals\/pt-br\/#\/schema\/logo\/image\/"}}]}},"_links":{"self":[{"href":"https:\/\/www.hpmotorrad.rentals\/pt-br\/wp-json\/wp\/v2\/pages\/1359","targetHints":{"allow":["GET"]}}],"collection":[{"href":"https:\/\/www.hpmotorrad.rentals\/pt-br\/wp-json\/wp\/v2\/pages"}],"about":[{"href":"https:\/\/www.hpmotorrad.rentals\/pt-br\/wp-json\/wp\/v2\/types\/page"}],"author":[{"embeddable":true,"href":"https:\/\/www.hpmotorrad.rentals\/pt-br\/wp-json\/wp\/v2\/users\/1"}],"replies":[{"embeddable":true,"href":"https:\/\/www.hpmotorrad.rentals\/pt-br\/wp-json\/wp\/v2\/comments?post=1359"}],"version-history":[{"count":10,"href":"https:\/\/www.hpmotorrad.rentals\/pt-br\/wp-json\/wp\/v2\/pages\/1359\/revisions"}],"predecessor-version":[{"id":4222,"href":"https:\/\/www.hpmotorrad.rentals\/pt-br\/wp-json\/wp\/v2\/pages\/1359\/revisions\/4222"}],"wp:attachment":[{"href":"https:\/\/www.hpmotorrad.rentals\/pt-br\/wp-json\/wp\/v2\/media?parent=1359"}],"curies":[{"name":"wp","href":"https:\/\/api.w.org\/{rel}","templated":true}]}}