{"id":2165,"date":"2025-09-26T10:44:32","date_gmt":"2025-09-26T10:44:32","guid":{"rendered":"https:\/\/hpmotorrad-rentals.kotuko.rocks\/home\/"},"modified":"2026-04-01T09:58:15","modified_gmt":"2026-04-01T09:58:15","slug":"alquiler-de-motos-en-italia-2","status":"publish","type":"page","link":"https:\/\/www.hpmotorrad.rentals\/es\/","title":{"rendered":"Home"},"content":{"rendered":"\t\t<div data-elementor-type=\"wp-page\" data-elementor-id=\"2165\" class=\"elementor elementor-2165 elementor-557\" data-elementor-post-type=\"page\">\n\t\t\t\t<div class=\"elementor-element elementor-element-468c0f5 e-flex e-con-boxed e-con e-parent\" data-id=\"468c0f5\" data-element_type=\"container\" data-e-type=\"container\">\n\t\t\t\t\t<div class=\"e-con-inner\">\n\t\t<div class=\"elementor-element elementor-element-84d76c5 e-con-full e-flex e-con e-child\" data-id=\"84d76c5\" data-element_type=\"container\" data-e-type=\"container\" data-settings=\"{&quot;background_background&quot;:&quot;classic&quot;}\">\n\t\t\t\t<div class=\"elementor-element elementor-element-4289ccf elementor-widget elementor-widget-heading\" data-id=\"4289ccf\" data-element_type=\"widget\" data-e-type=\"widget\" data-widget_type=\"heading.default\">\n\t\t\t\t\t<h2 class=\"elementor-heading-title elementor-size-default\">Motorcycle Self Guide &amp; Tours<\/h2>\t\t\t\t<\/div>\n\t\t\t\t<div class=\"elementor-element elementor-element-1626fe5 elementor-widget__width-initial elementor-widget elementor-widget-text-editor\" data-id=\"1626fe5\" data-element_type=\"widget\" data-e-type=\"widget\" data-widget_type=\"text-editor.default\">\n\t\t\t\t\t\t\t\t\tCon HPMOTOTOURS, puedes alcanzar los destinos de tus sue\u00f1os y vivir una experiencia inolvidable. \u00a1Nosotros nos encargamos de todo!\n\t\t\t\t\t\t\t\t<\/div>\n\t\t\t\t<div class=\"elementor-element elementor-element-4556c93 elementor-widget elementor-widget-button\" data-id=\"4556c93\" data-element_type=\"widget\" data-e-type=\"widget\" data-widget_type=\"button.default\">\n\t\t\t\t\t\t\t\t\t\t<a class=\"elementor-button elementor-button-link elementor-size-sm\" href=\"https:\/\/www.hpmototours.com\/it\/\" target=\"_blank\" rel=\"noopener noreferrer nofollow\">\n\t\t\t\t\t\t<span class=\"elementor-button-content-wrapper\">\n\t\t\t\t\t\t\t\t\t<span class=\"elementor-button-text\">\u00a1Encuentra tu Tour!<\/span>\n\t\t\t\t\t<\/span>\n\t\t\t\t\t<\/a>\n\t\t\t\t\t\t\t\t<\/div>\n\t\t\t\t<\/div>\n\t\t<div class=\"elementor-element elementor-element-5973273 e-con-full e-flex e-con e-child\" data-id=\"5973273\" data-element_type=\"container\" data-e-type=\"container\">\n\t\t<a class=\"elementor-element elementor-element-1e50058 e-con-full e-flex e-con e-child\" data-id=\"1e50058\" data-element_type=\"container\" data-e-type=\"container\" data-settings=\"{&quot;background_background&quot;:&quot;classic&quot;}\" href=\"https:\/\/www.hpmotorrad.rentals\/veicoli\/noleggio-auto\/\">\n\t\t\t\t<div class=\"elementor-element elementor-element-92d373c elementor-widget elementor-widget-heading\" data-id=\"92d373c\" data-element_type=\"widget\" data-e-type=\"widget\" data-widget_type=\"heading.default\">\n\t\t\t\t\t<h3 class=\"elementor-heading-title elementor-size-default\">AUTO DE LUJO<\/h3>\t\t\t\t<\/div>\n\t\t\t\t<\/a>\n\t\t<a class=\"elementor-element elementor-element-f5948d6 e-con-full e-flex e-con e-child\" data-id=\"f5948d6\" data-element_type=\"container\" data-e-type=\"container\" data-settings=\"{&quot;background_background&quot;:&quot;classic&quot;}\" href=\"https:\/\/www.hpmotorrad.rentals\/veicoli\/noleggio-moto-guzzi-hd\/\">\n\t\t\t\t<div class=\"elementor-element elementor-element-4e522dc elementor-widget elementor-widget-heading\" data-id=\"4e522dc\" data-element_type=\"widget\" data-e-type=\"widget\" data-widget_type=\"heading.default\">\n\t\t\t\t\t<h3 class=\"elementor-heading-title elementor-size-default\">Moto Guzzi &amp; HD<\/h3>\t\t\t\t<\/div>\n\t\t\t\t<div class=\"elementor-element elementor-element-4e8ece3 elementor-widget elementor-widget-text-editor\" data-id=\"4e8ece3\" data-element_type=\"widget\" data-e-type=\"widget\" data-widget_type=\"text-editor.default\">\n\t\t\t\t\t\t\t\t\tLa historia de la motocicleta italiana y americana\t\t\t\t\t\t\t\t<\/div>\n\t\t\t\t<\/a>\n\t\t\t\t<\/div>\n\t\t\t\t\t<\/div>\n\t\t\t\t<\/div>\n\t\t<div class=\"elementor-element elementor-element-9cb4c12 e-flex e-con-boxed e-con e-parent\" data-id=\"9cb4c12\" data-element_type=\"container\" data-e-type=\"container\">\n\t\t\t\t\t<div class=\"e-con-inner\">\n\t\t<a class=\"elementor-element elementor-element-d309d17 e-con-full e-flex e-con e-child\" data-id=\"d309d17\" data-element_type=\"container\" data-e-type=\"container\" data-settings=\"{&quot;background_background&quot;:&quot;classic&quot;}\" href=\"https:\/\/www.hpmotorrad.rentals\/veicoli\/noleggio-moto-bmw\/\">\n\t\t\t\t<div class=\"elementor-element elementor-element-2f27524 elementor-widget elementor-widget-heading\" data-id=\"2f27524\" data-element_type=\"widget\" data-e-type=\"widget\" data-widget_type=\"heading.default\">\n\t\t\t\t\t<h3 class=\"elementor-heading-title elementor-size-default\">Bmw<\/h3>\t\t\t\t<\/div>\n\t\t\t\t<div class=\"elementor-element elementor-element-f289c91 elementor-widget elementor-widget-text-editor\" data-id=\"f289c91\" data-element_type=\"widget\" data-e-type=\"widget\" data-widget_type=\"text-editor.default\">\n\t\t\t\t\t\t\t\t\t\u00bfPrefieres una prestigiosa BMW?\nCon RENT HP Motorrad tienes a tu disposici\u00f3n toda la gama, incluida la nueva R1200GS y la lujosa Gran Turismo K1600GTL.\t\t\t\t\t\t\t\t<\/div>\n\t\t\t\t<\/a>\n\t\t<a class=\"elementor-element elementor-element-1d57f0a e-con-full e-flex e-con e-child\" data-id=\"1d57f0a\" data-element_type=\"container\" data-e-type=\"container\" data-settings=\"{&quot;background_background&quot;:&quot;classic&quot;}\" href=\"https:\/\/www.hpmotorrad.rentals\/veicoli\/noleggio-altre-moto\/\">\n\t\t\t\t<div class=\"elementor-element elementor-element-0f29bac elementor-widget elementor-widget-heading\" data-id=\"0f29bac\" data-element_type=\"widget\" data-e-type=\"widget\" data-widget_type=\"heading.default\">\n\t\t\t\t\t<h3 class=\"elementor-heading-title elementor-size-default\">Otras motos<\/h3>\t\t\t\t<\/div>\n\t\t\t\t<\/a>\n\t\t<a class=\"elementor-element elementor-element-8fb3428 e-con-full e-flex e-con e-child\" data-id=\"8fb3428\" data-element_type=\"container\" data-e-type=\"container\" data-settings=\"{&quot;background_background&quot;:&quot;classic&quot;}\" href=\"https:\/\/www.hpmotorrad.rentals\/veicoli\/noleggio-ducati\/\">\n\t\t\t\t<div class=\"elementor-element elementor-element-32b8b22 elementor-widget elementor-widget-heading\" data-id=\"32b8b22\" data-element_type=\"widget\" data-e-type=\"widget\" data-widget_type=\"heading.default\">\n\t\t\t\t\t<h3 class=\"elementor-heading-title elementor-size-default\">Ducati<\/h3>\t\t\t\t<\/div>\n\t\t\t\t<div class=\"elementor-element elementor-element-0b90fea elementor-widget elementor-widget-text-editor\" data-id=\"0b90fea\" data-element_type=\"widget\" data-e-type=\"widget\" data-widget_type=\"text-editor.default\">\n\t\t\t\t\t\t\t\t\t\u00bfQuieres alquilar una fant\u00e1stica Ducati?\nCon RENT HP Motorrad puedes alquilar la nueva Hyperstrada, la ya legendaria Multistrada o la musculosa y fascinante Diavel.\t\t\t\t\t\t\t\t<\/div>\n\t\t\t\t<\/a>\n\t\t<a class=\"elementor-element elementor-element-42804da e-con-full e-flex e-con e-child\" data-id=\"42804da\" data-element_type=\"container\" data-e-type=\"container\" data-settings=\"{&quot;background_background&quot;:&quot;classic&quot;}\" href=\"https:\/\/www.hpmotorrad.rentals\/veicoli\/noleggio-vespa-italia\/\">\n\t\t\t\t<div class=\"elementor-element elementor-element-512a254 elementor-widget elementor-widget-heading\" data-id=\"512a254\" data-element_type=\"widget\" data-e-type=\"widget\" data-widget_type=\"heading.default\">\n\t\t\t\t\t<h3 class=\"elementor-heading-title elementor-size-default\">Vespa<\/h3>\t\t\t\t<\/div>\n\t\t\t\t<div class=\"elementor-element elementor-element-b707767 elementor-widget elementor-widget-text-editor\" data-id=\"b707767\" data-element_type=\"widget\" data-e-type=\"widget\" data-widget_type=\"text-editor.default\">\n\t\t\t\t\t\t\t\t\t\u00a1Estilo italiano y 70 a\u00f1os de historia!\nCon HP Motorrad puedes alquilar una Vespa y revivir tus \u00abvacaciones romanas\u00bb.\t\t\t\t\t\t\t\t<\/div>\n\t\t\t\t<\/a>\n\t\t<a class=\"elementor-element elementor-element-d434783 e-con-full e-flex e-con e-child\" data-id=\"d434783\" data-element_type=\"container\" data-e-type=\"container\" data-settings=\"{&quot;background_background&quot;:&quot;classic&quot;}\" href=\"https:\/\/www.hpmototours.com\/it\/\" target=\"_blank\" rel=\"noopener noreferrer nofollow\">\n\t\t\t\t<div class=\"elementor-element elementor-element-88cf377 elementor-widget elementor-widget-heading\" data-id=\"88cf377\" data-element_type=\"widget\" data-e-type=\"widget\" data-widget_type=\"heading.default\">\n\t\t\t\t\t<h2 class=\"elementor-heading-title elementor-size-default\">Tour &amp; self guide<\/h2>\t\t\t\t<\/div>\n\t\t\t\t<\/a>\n\t\t\t\t\t<\/div>\n\t\t\t\t<\/div>\n\t\t<div class=\"elementor-element elementor-element-e53919e e-con-full e-flex e-con e-child\" data-id=\"e53919e\" data-element_type=\"container\" data-e-type=\"container\" data-settings=\"{&quot;background_background&quot;:&quot;classic&quot;}\">\n\t\t<div class=\"elementor-element elementor-element-f9c33d6 e-con-full e-flex e-con e-child\" data-id=\"f9c33d6\" data-element_type=\"container\" data-e-type=\"container\">\n\t\t\t\t<div class=\"elementor-element elementor-element-7e5134c elementor-widget elementor-widget-heading\" data-id=\"7e5134c\" data-element_type=\"widget\" data-e-type=\"widget\" data-widget_type=\"heading.default\">\n\t\t\t\t\t<h1 class=\"elementor-heading-title elementor-size-default\">Empresa l\u00edder en alquiler de motos y tours en moto<\/h1>\t\t\t\t<\/div>\n\t\t\t\t<div class=\"elementor-element elementor-element-dfc4f7c elementor-widget elementor-widget-text-editor\" data-id=\"dfc4f7c\" data-element_type=\"widget\" data-e-type=\"widget\" data-widget_type=\"text-editor.default\">\n\t\t\t\t\t\t\t\t\t<p data-start=\"0\" data-end=\"574\">HP Motorrad es la referencia en Italia para quienes desean vivir la experiencia de <strong data-start=\"83\" data-end=\"104\">alquiler de motos<\/strong> y tours en dos ruedas de manera completa e inolvidable. Con m\u00e1s de 350 motos disponibles en todo el territorio nacional, ofrecemos veh\u00edculos potentes y fiables, incluyendo las ic\u00f3nicas <strong data-start=\"290\" data-end=\"312\">BMW R 1300 GS y RT<\/strong>, las vers\u00e1tiles <strong data-start=\"329\" data-end=\"352\">F 900 GS y F 800 GS<\/strong>, las elegantes <strong data-start=\"368\" data-end=\"390\">K1600GT y K1600GTL<\/strong>, y las deportivas <strong data-start=\"409\" data-end=\"475\">Ducati Multistrada, Desert X, Hypermotard, Scrambler y Monster<\/strong>, perfectas para cualquier tipo de viaje, desde carreteras panor\u00e1micas hasta rutas m\u00e1s exigentes.<\/p><p data-start=\"576\" data-end=\"1044\" data-is-last-node=\"\" data-is-only-node=\"\">Con HP Motorrad puedes explorar los lugares m\u00e1s ic\u00f3nicos y espectaculares de Italia: las <strong data-start=\"665\" data-end=\"678\">Dolomitas<\/strong> y los <strong data-start=\"685\" data-end=\"704\">Alpes italianos<\/strong> con sus impresionantes pasos de monta\u00f1a, las colinas y los pueblos hist\u00f3ricos de <strong data-start=\"786\" data-end=\"797\">Toscana<\/strong>, las carreteras impresionantes de la <strong data-start=\"835\" data-end=\"855\">Costa Amalfitana<\/strong>, y ciudades de arte como <strong data-start=\"881\" data-end=\"917\">Roma, Florencia, Venecia y Mil\u00e1n<\/strong>. Sin olvidar las bellezas del sur de Italia, como <strong data-start=\"968\" data-end=\"989\">Sicilia y Cerde\u00f1a<\/strong>, ideales para itinerarios \u00fanicos y llenos de aventura.<\/p>\t\t\t\t\t\t\t\t<\/div>\n\t\t\t\t<\/div>\n\t\t\t\t<\/div>\n\t\t\t\t<\/div>\n\t\t","protected":false},"excerpt":{"rendered":"<p>Motorcycle Self Guide &amp; Tours Con HPMOTOTOURS, puedes alcanzar los destinos de tus sue\u00f1os y vivir una experiencia inolvidable. \u00a1Nosotros nos encargamos de todo! \u00a1Encuentra tu Tour! AUTO DE LUJO Moto Guzzi &amp; HD La historia de la motocicleta italiana y americana Bmw \u00bfPrefieres una prestigiosa BMW? Con RENT HP Motorrad tienes a tu disposici\u00f3n [&hellip;]<\/p>\n","protected":false},"author":1,"featured_media":0,"parent":0,"menu_order":0,"comment_status":"closed","ping_status":"closed","template":"","meta":{"_acf_changed":false,"footnotes":""},"class_list":["post-2165","page","type-page","status-publish","hentry"],"acf":[],"yoast_head":"<!-- This site is optimized with the Yoast SEO plugin v27.2 - https:\/\/yoast.com\/product\/yoast-seo-wordpress\/ -->\n<title>Alquiler de Motos en Italia | BMW, Ducati y Tours HP Motorrad<\/title>\n<meta name=\"description\" content=\"Alquila una moto BMW o Ducati en Italia , tours guiados, rutas personalizadas y soporte para viajeros internacionales.\" \/>\n<meta name=\"robots\" content=\"index, follow, max-snippet:-1, max-image-preview:large, max-video-preview:-1\" \/>\n<link rel=\"canonical\" href=\"https:\/\/www.hpmotorrad.rentals\/es\/\" \/>\n<meta property=\"og:locale\" content=\"es_ES\" \/>\n<meta property=\"og:type\" content=\"article\" \/>\n<meta property=\"og:title\" content=\"Alquiler de Motos en Italia | BMW, Ducati y Tours HP Motorrad\" \/>\n<meta property=\"og:description\" content=\"Alquila una moto BMW o Ducati en Italia , tours guiados, rutas personalizadas y soporte para viajeros internacionales.\" \/>\n<meta property=\"og:url\" content=\"https:\/\/www.hpmotorrad.rentals\/es\/\" \/>\n<meta property=\"og:site_name\" content=\"HP Motorrad Rentals\" \/>\n<meta property=\"article:modified_time\" content=\"2026-04-01T09:58:15+00:00\" \/>\n<meta property=\"og:image\" content=\"https:\/\/www.hpmotorrad.rentals\/wp-content\/uploads\/2025\/09\/logo-seo.jpg\" \/>\n\t<meta property=\"og:image:width\" content=\"200\" \/>\n\t<meta property=\"og:image:height\" content=\"200\" \/>\n\t<meta property=\"og:image:type\" content=\"image\/jpeg\" \/>\n<meta name=\"twitter:card\" content=\"summary_large_image\" \/>\n<meta name=\"twitter:image\" content=\"https:\/\/www.hpmotorrad.rentals\/wp-content\/uploads\/2025\/09\/logo-seo.jpg\" \/>\n<meta name=\"twitter:label1\" content=\"Tiempo de lectura\" \/>\n\t<meta name=\"twitter:data1\" content=\"2 minutos\" \/>\n<script type=\"application\/ld+json\" class=\"yoast-schema-graph\">{\"@context\":\"https:\/\/schema.org\",\"@graph\":[{\"@type\":\"WebPage\",\"@id\":\"https:\/\/www.hpmotorrad.rentals\/es\/\",\"url\":\"https:\/\/www.hpmotorrad.rentals\/es\/\",\"name\":\"Alquiler de Motos en Italia | BMW, Ducati y Tours HP Motorrad\",\"isPartOf\":{\"@id\":\"https:\/\/www.hpmotorrad.rentals\/es\/#website\"},\"datePublished\":\"2025-09-26T10:44:32+00:00\",\"dateModified\":\"2026-04-01T09:58:15+00:00\",\"description\":\"Alquila una moto BMW o Ducati en Italia , tours guiados, rutas personalizadas y soporte para viajeros internacionales.\",\"breadcrumb\":{\"@id\":\"https:\/\/www.hpmotorrad.rentals\/es\/#breadcrumb\"},\"inLanguage\":\"es\",\"potentialAction\":[{\"@type\":\"ReadAction\",\"target\":[\"https:\/\/www.hpmotorrad.rentals\/es\/\"]}]},{\"@type\":\"BreadcrumbList\",\"@id\":\"https:\/\/www.hpmotorrad.rentals\/es\/#breadcrumb\",\"itemListElement\":[{\"@type\":\"ListItem\",\"position\":1,\"name\":\"Home\",\"item\":\"https:\/\/www.hpmotorrad.rentals\/es\/\"},{\"@type\":\"ListItem\",\"position\":2,\"name\":\"Home\"}]},{\"@type\":\"WebSite\",\"@id\":\"https:\/\/www.hpmotorrad.rentals\/es\/#website\",\"url\":\"https:\/\/www.hpmotorrad.rentals\/es\/\",\"name\":\"HP Motorrad Rentals\",\"description\":\"\",\"publisher\":{\"@id\":\"https:\/\/www.hpmotorrad.rentals\/es\/#organization\"},\"potentialAction\":[{\"@type\":\"SearchAction\",\"target\":{\"@type\":\"EntryPoint\",\"urlTemplate\":\"https:\/\/www.hpmotorrad.rentals\/es\/?s={search_term_string}\"},\"query-input\":{\"@type\":\"PropertyValueSpecification\",\"valueRequired\":true,\"valueName\":\"search_term_string\"}}],\"inLanguage\":\"es\"},{\"@type\":\"Organization\",\"@id\":\"https:\/\/www.hpmotorrad.rentals\/es\/#organization\",\"name\":\"HP Motorrad Rentals\",\"url\":\"https:\/\/www.hpmotorrad.rentals\/es\/\",\"logo\":{\"@type\":\"ImageObject\",\"inLanguage\":\"es\",\"@id\":\"https:\/\/www.hpmotorrad.rentals\/es\/#\/schema\/logo\/image\/\",\"url\":\"https:\/\/www.hpmotorrad.rentals\/wp-content\/uploads\/2025\/09\/logo-seo.jpg\",\"contentUrl\":\"https:\/\/www.hpmotorrad.rentals\/wp-content\/uploads\/2025\/09\/logo-seo.jpg\",\"width\":200,\"height\":200,\"caption\":\"HP Motorrad Rentals\"},\"image\":{\"@id\":\"https:\/\/www.hpmotorrad.rentals\/es\/#\/schema\/logo\/image\/\"}}]}<\/script>\n<!-- \/ Yoast SEO plugin. -->","yoast_head_json":{"title":"Alquiler de Motos en Italia | BMW, Ducati y Tours HP Motorrad","description":"Alquila una moto BMW o Ducati en Italia , tours guiados, rutas personalizadas y soporte para viajeros internacionales.","robots":{"index":"index","follow":"follow","max-snippet":"max-snippet:-1","max-image-preview":"max-image-preview:large","max-video-preview":"max-video-preview:-1"},"canonical":"https:\/\/www.hpmotorrad.rentals\/es\/","og_locale":"es_ES","og_type":"article","og_title":"Alquiler de Motos en Italia | BMW, Ducati y Tours HP Motorrad","og_description":"Alquila una moto BMW o Ducati en Italia , tours guiados, rutas personalizadas y soporte para viajeros internacionales.","og_url":"https:\/\/www.hpmotorrad.rentals\/es\/","og_site_name":"HP Motorrad Rentals","article_modified_time":"2026-04-01T09:58:15+00:00","og_image":[{"width":200,"height":200,"url":"https:\/\/www.hpmotorrad.rentals\/wp-content\/uploads\/2025\/09\/logo-seo.jpg","type":"image\/jpeg"}],"twitter_card":"summary_large_image","twitter_image":"https:\/\/www.hpmotorrad.rentals\/wp-content\/uploads\/2025\/09\/logo-seo.jpg","twitter_misc":{"Tiempo de lectura":"2 minutos"},"schema":{"@context":"https:\/\/schema.org","@graph":[{"@type":"WebPage","@id":"https:\/\/www.hpmotorrad.rentals\/es\/","url":"https:\/\/www.hpmotorrad.rentals\/es\/","name":"Alquiler de Motos en Italia | BMW, Ducati y Tours HP Motorrad","isPartOf":{"@id":"https:\/\/www.hpmotorrad.rentals\/es\/#website"},"datePublished":"2025-09-26T10:44:32+00:00","dateModified":"2026-04-01T09:58:15+00:00","description":"Alquila una moto BMW o Ducati en Italia , tours guiados, rutas personalizadas y soporte para viajeros internacionales.","breadcrumb":{"@id":"https:\/\/www.hpmotorrad.rentals\/es\/#breadcrumb"},"inLanguage":"es","potentialAction":[{"@type":"ReadAction","target":["https:\/\/www.hpmotorrad.rentals\/es\/"]}]},{"@type":"BreadcrumbList","@id":"https:\/\/www.hpmotorrad.rentals\/es\/#breadcrumb","itemListElement":[{"@type":"ListItem","position":1,"name":"Home","item":"https:\/\/www.hpmotorrad.rentals\/es\/"},{"@type":"ListItem","position":2,"name":"Home"}]},{"@type":"WebSite","@id":"https:\/\/www.hpmotorrad.rentals\/es\/#website","url":"https:\/\/www.hpmotorrad.rentals\/es\/","name":"HP Motorrad Rentals","description":"","publisher":{"@id":"https:\/\/www.hpmotorrad.rentals\/es\/#organization"},"potentialAction":[{"@type":"SearchAction","target":{"@type":"EntryPoint","urlTemplate":"https:\/\/www.hpmotorrad.rentals\/es\/?s={search_term_string}"},"query-input":{"@type":"PropertyValueSpecification","valueRequired":true,"valueName":"search_term_string"}}],"inLanguage":"es"},{"@type":"Organization","@id":"https:\/\/www.hpmotorrad.rentals\/es\/#organization","name":"HP Motorrad Rentals","url":"https:\/\/www.hpmotorrad.rentals\/es\/","logo":{"@type":"ImageObject","inLanguage":"es","@id":"https:\/\/www.hpmotorrad.rentals\/es\/#\/schema\/logo\/image\/","url":"https:\/\/www.hpmotorrad.rentals\/wp-content\/uploads\/2025\/09\/logo-seo.jpg","contentUrl":"https:\/\/www.hpmotorrad.rentals\/wp-content\/uploads\/2025\/09\/logo-seo.jpg","width":200,"height":200,"caption":"HP Motorrad Rentals"},"image":{"@id":"https:\/\/www.hpmotorrad.rentals\/es\/#\/schema\/logo\/image\/"}}]}},"_links":{"self":[{"href":"https:\/\/www.hpmotorrad.rentals\/es\/wp-json\/wp\/v2\/pages\/2165","targetHints":{"allow":["GET"]}}],"collection":[{"href":"https:\/\/www.hpmotorrad.rentals\/es\/wp-json\/wp\/v2\/pages"}],"about":[{"href":"https:\/\/www.hpmotorrad.rentals\/es\/wp-json\/wp\/v2\/types\/page"}],"author":[{"embeddable":true,"href":"https:\/\/www.hpmotorrad.rentals\/es\/wp-json\/wp\/v2\/users\/1"}],"replies":[{"embeddable":true,"href":"https:\/\/www.hpmotorrad.rentals\/es\/wp-json\/wp\/v2\/comments?post=2165"}],"version-history":[{"count":10,"href":"https:\/\/www.hpmotorrad.rentals\/es\/wp-json\/wp\/v2\/pages\/2165\/revisions"}],"predecessor-version":[{"id":5550,"href":"https:\/\/www.hpmotorrad.rentals\/es\/wp-json\/wp\/v2\/pages\/2165\/revisions\/5550"}],"wp:attachment":[{"href":"https:\/\/www.hpmotorrad.rentals\/es\/wp-json\/wp\/v2\/media?parent=2165"}],"curies":[{"name":"wp","href":"https:\/\/api.w.org\/{rel}","templated":true}]}}