{"id":1352,"date":"2025-09-25T10:33:30","date_gmt":"2025-09-25T10:33:30","guid":{"rendered":"https:\/\/hpmotorrad-rentals.kotuko.rocks\/chi-siamo\/"},"modified":"2025-11-25T15:03:57","modified_gmt":"2025-11-25T15:03:57","slug":"sobre-nosotros-alquiler-de-motos-en-italia","status":"publish","type":"page","link":"https:\/\/www.hpmotorrad.rentals\/es\/sobre-nosotros-alquiler-de-motos-en-italia\/","title":{"rendered":"Sobre nosotros"},"content":{"rendered":"\t\t<div data-elementor-type=\"wp-page\" data-elementor-id=\"1352\" class=\"elementor elementor-1352 elementor-93\" data-elementor-post-type=\"page\">\n\t\t\t\t<div class=\"elementor-element elementor-element-a9ab4f0 e-flex e-con-boxed e-con e-parent\" data-id=\"a9ab4f0\" data-element_type=\"container\" data-e-type=\"container\">\n\t\t\t\t\t<div class=\"e-con-inner\">\n\t\t<div class=\"elementor-element elementor-element-49ffaa0 e-con-full e-flex e-con e-child\" data-id=\"49ffaa0\" data-element_type=\"container\" data-e-type=\"container\">\n\t\t\t\t<div class=\"elementor-element elementor-element-017a63d elementor-widget elementor-widget-heading\" data-id=\"017a63d\" data-element_type=\"widget\" data-e-type=\"widget\" data-widget_type=\"heading.default\">\n\t\t\t\t\t<h1 class=\"elementor-heading-title elementor-size-default\">Sobre nosotros<\/h1>\t\t\t\t<\/div>\n\t\t\t\t<div class=\"elementor-element elementor-element-7844d95 elementor-widget elementor-widget-text-editor\" data-id=\"7844d95\" data-element_type=\"widget\" data-e-type=\"widget\" data-widget_type=\"text-editor.default\">\n\t\t\t\t\t\t\t\t\t<h1 data-start=\"3203\" data-end=\"3253\"><strong data-start=\"3203\" data-end=\"3253\">HP Motorrad Rentals Italia<\/strong><\/h1>\n<h2 data-start=\"3255\" data-end=\"3308\"><strong data-start=\"3258\" data-end=\"3306\">Nuestra misi\u00f3n: hacerte vivir Italia en moto<\/strong><\/h2>\n<p data-start=\"3309\" data-end=\"3634\">HP Motorrad es una empresa italiana especializada en el <strong data-start=\"3365\" data-end=\"3394\">alquiler de motos premium<\/strong> y la organizaci\u00f3n de <strong data-start=\"3416\" data-end=\"3449\">experiencias de viaje en moto<\/strong> por Italia y Europa. Nuestra flota BMW GS, Ducati Multistrada y motos touring es perfecta para recorrer los <b>Dolomitas<\/b>, <b>Toscana<\/b>, los <b>Alpes <\/b>y las rutas m\u00e1s espectaculares del continente.<\/p>\n<h2 data-start=\"3636\" data-end=\"3674\"><strong data-start=\"3639\" data-end=\"3672\">Experiencia y profesionalismo<\/strong><\/h2>\n<p data-start=\"3675\" data-end=\"3876\">Con m\u00e1s de <strong data-start=\"3686\" data-end=\"3712\">15 a\u00f1os de experiencia<\/strong>, conocemos cada ruta, cada paso de monta\u00f1a y todos los detalles necesarios para un viaje seguro y emocionante. Todas nuestras motos reciben mantenimiento riguroso.<\/p>\n<h2 data-start=\"3878\" data-end=\"3940\"><strong data-start=\"3881\" data-end=\"3938\">Servicios pensados para motociclistas internacionales<\/strong><\/h2>\n<ul data-start=\"3941\" data-end=\"4252\">\n<li data-start=\"3941\" data-end=\"3970\">\n<p data-start=\"3943\" data-end=\"3970\">Alquiler de motos premium<\/p>\n<\/li>\n<li data-start=\"3971\" data-end=\"4034\">\n<p data-start=\"3973\" data-end=\"4034\">Entrega en aeropuertos, hoteles o ciudad (servicio de pago)<\/p>\n<\/li>\n<li data-start=\"4035\" data-end=\"4118\">\n<p data-start=\"4037\" data-end=\"4118\"><strong data-start=\"4037\" data-end=\"4116\">Entrega y recogida de motos en toda Europa, a pedido y con tarifa adicional<\/strong><\/p>\n<\/li>\n<li data-start=\"4119\" data-end=\"4158\">\n<p data-start=\"4121\" data-end=\"4158\">Rutas personalizadas&nbsp;<\/p>\n<\/li>\n<li data-start=\"4159\" data-end=\"4190\">\n<p data-start=\"4161\" data-end=\"4190\">Tours guiados y self-guided<\/p>\n<\/li>\n<li data-start=\"4191\" data-end=\"4210\">\n<p data-start=\"4193\" data-end=\"4210\">Asistencia&nbsp;<\/p><\/li><li data-start=\"4191\" data-end=\"4210\"><p data-start=\"4193\" data-end=\"4210\"><span style=\"background-color: transparent\">Atenci\u00f3n en ingl\u00e9s y espa\u00f1ol<\/span><\/p><\/li>\n<\/ul>\n<h2 data-start=\"4254\" data-end=\"4289\"><strong data-start=\"4257\" data-end=\"4287\">Por qu\u00e9 elegir HP Motorrad<\/strong><\/h2>\n<ul data-start=\"4290\" data-end=\"4398\">\n<li data-start=\"4290\" data-end=\"4320\">\n<p data-start=\"4292\" data-end=\"4320\">Flota BMW &amp; Ducati premium<\/p>\n<\/li>\n<li data-start=\"4321\" data-end=\"4339\">\n<p data-start=\"4323\" data-end=\"4339\">Precios claros<\/p>\n<\/li>\n<li data-start=\"4340\" data-end=\"4366\">\n<p data-start=\"4342\" data-end=\"4366\">Atenci\u00f3n personalizada<\/p>\n<\/li>\n<li data-start=\"4367\" data-end=\"4398\">\n<p data-start=\"4369\" data-end=\"4398\">Pasi\u00f3n por los viajes en moto<\/p>\n<\/li>\n<\/ul>\n<h2 data-start=\"4400\" data-end=\"4423\"><strong data-start=\"4403\" data-end=\"4421\">Nuestra visi\u00f3n<\/strong><\/h2>\n<p data-start=\"4424\" data-end=\"4550\">Ser la mejor opci\u00f3n de <strong data-start=\"4447\" data-end=\"4478\">alquiler de motos en Italia<\/strong>, ofreciendo experiencias inolvidables a motociclistas de todo el mundo.<\/p>\t\t\t\t\t\t\t\t<\/div>\n\t\t\t\t<\/div>\n\t\t\t\t<div class=\"elementor-element elementor-element-ba0731d elementor-widget__width-initial elementor-widget elementor-widget-image\" data-id=\"ba0731d\" data-element_type=\"widget\" data-e-type=\"widget\" data-widget_type=\"image.default\">\n\t\t\t\t\t\t\t\t\t\t\t\t\t\t\t<img fetchpriority=\"high\" decoding=\"async\" width=\"1188\" height=\"926\" src=\"https:\/\/www.hpmotorrad.rentals\/wp-content\/uploads\/2025\/09\/novegro-qde-hp-SOLE.jpg\" class=\"attachment-full size-full wp-image-1350\" alt=\"\" srcset=\"https:\/\/www.hpmotorrad.rentals\/wp-content\/uploads\/2025\/09\/novegro-qde-hp-SOLE.jpg 1188w, https:\/\/www.hpmotorrad.rentals\/wp-content\/uploads\/2025\/09\/novegro-qde-hp-SOLE-300x234.jpg 300w, https:\/\/www.hpmotorrad.rentals\/wp-content\/uploads\/2025\/09\/novegro-qde-hp-SOLE-1024x798.jpg 1024w, https:\/\/www.hpmotorrad.rentals\/wp-content\/uploads\/2025\/09\/novegro-qde-hp-SOLE-768x599.jpg 768w\" sizes=\"(max-width: 1188px) 100vw, 1188px\" \/>\t\t\t\t\t\t\t\t\t\t\t\t\t\t\t<\/div>\n\t\t\t\t\t<\/div>\n\t\t\t\t<\/div>\n\t\t\t\t<\/div>\n\t\t","protected":false},"excerpt":{"rendered":"<p>HP Motorrad Rentals Italia Nuestra misi\u00f3n: hacerte vivir Italia en moto HP Motorrad es una empresa italiana especializada en el alquiler de motos premium y la organizaci\u00f3n de experiencias de viaje en moto por Italia y Europa. Nuestra flota BMW GS, Ducati Multistrada y motos touring es perfecta para recorrer los Dolomitas, Toscana, los Alpes [&hellip;]<\/p>\n","protected":false},"author":1,"featured_media":0,"parent":0,"menu_order":0,"comment_status":"closed","ping_status":"closed","template":"","meta":{"_acf_changed":false,"footnotes":""},"class_list":["post-1352","page","type-page","status-publish","hentry"],"acf":[],"yoast_head":"<!-- This site is optimized with the Yoast SEO plugin v27.2 - https:\/\/yoast.com\/product\/yoast-seo-wordpress\/ -->\n<title>Qui\u00e9nes Somos \u2013 HP Motorrad | Alquiler de Motos en Italia<\/title>\n<meta name=\"description\" content=\"HP Motorrad, l\u00edder en alquiler de motos BMW y Ducati en Italia. Servicio premium, rutas personalizadas, tours y entrega en toda Europa\" \/>\n<meta name=\"robots\" content=\"index, follow, max-snippet:-1, max-image-preview:large, max-video-preview:-1\" \/>\n<link rel=\"canonical\" href=\"https:\/\/www.hpmotorrad.rentals\/es\/sobre-nosotros-alquiler-de-motos-en-italia\/\" \/>\n<meta property=\"og:locale\" content=\"es_ES\" \/>\n<meta property=\"og:type\" content=\"article\" \/>\n<meta property=\"og:title\" content=\"Qui\u00e9nes Somos \u2013 HP Motorrad | Alquiler de Motos en Italia\" \/>\n<meta property=\"og:description\" content=\"HP Motorrad, l\u00edder en alquiler de motos BMW y Ducati en Italia. Servicio premium, rutas personalizadas, tours y entrega en toda Europa\" \/>\n<meta property=\"og:url\" content=\"https:\/\/www.hpmotorrad.rentals\/es\/sobre-nosotros-alquiler-de-motos-en-italia\/\" \/>\n<meta property=\"og:site_name\" content=\"HP Motorrad Rentals\" \/>\n<meta property=\"article:modified_time\" content=\"2025-11-25T15:03:57+00:00\" \/>\n<meta property=\"og:image\" content=\"https:\/\/www.hpmotorrad.rentals\/wp-content\/uploads\/2025\/09\/novegro-qde-hp-SOLE.jpg\" \/>\n<meta name=\"twitter:card\" content=\"summary_large_image\" \/>\n<meta name=\"twitter:label1\" content=\"Tiempo de lectura\" \/>\n\t<meta name=\"twitter:data1\" content=\"2 minutos\" \/>\n<script type=\"application\/ld+json\" class=\"yoast-schema-graph\">{\"@context\":\"https:\/\/schema.org\",\"@graph\":[{\"@type\":\"WebPage\",\"@id\":\"https:\/\/www.hpmotorrad.rentals\/es\/sobre-nosotros-alquiler-de-motos-en-italia\/\",\"url\":\"https:\/\/www.hpmotorrad.rentals\/es\/sobre-nosotros-alquiler-de-motos-en-italia\/\",\"name\":\"Qui\u00e9nes Somos \u2013 HP Motorrad | Alquiler de Motos en Italia\",\"isPartOf\":{\"@id\":\"https:\/\/www.hpmotorrad.rentals\/es\/#website\"},\"primaryImageOfPage\":{\"@id\":\"https:\/\/www.hpmotorrad.rentals\/es\/sobre-nosotros-alquiler-de-motos-en-italia\/#primaryimage\"},\"image\":{\"@id\":\"https:\/\/www.hpmotorrad.rentals\/es\/sobre-nosotros-alquiler-de-motos-en-italia\/#primaryimage\"},\"thumbnailUrl\":\"https:\/\/www.hpmotorrad.rentals\/wp-content\/uploads\/2025\/09\/novegro-qde-hp-SOLE.jpg\",\"datePublished\":\"2025-09-25T10:33:30+00:00\",\"dateModified\":\"2025-11-25T15:03:57+00:00\",\"description\":\"HP Motorrad, l\u00edder en alquiler de motos BMW y Ducati en Italia. Servicio premium, rutas personalizadas, tours y entrega en toda Europa\",\"breadcrumb\":{\"@id\":\"https:\/\/www.hpmotorrad.rentals\/es\/sobre-nosotros-alquiler-de-motos-en-italia\/#breadcrumb\"},\"inLanguage\":\"es\",\"potentialAction\":[{\"@type\":\"ReadAction\",\"target\":[\"https:\/\/www.hpmotorrad.rentals\/es\/sobre-nosotros-alquiler-de-motos-en-italia\/\"]}]},{\"@type\":\"ImageObject\",\"inLanguage\":\"es\",\"@id\":\"https:\/\/www.hpmotorrad.rentals\/es\/sobre-nosotros-alquiler-de-motos-en-italia\/#primaryimage\",\"url\":\"https:\/\/www.hpmotorrad.rentals\/wp-content\/uploads\/2025\/09\/novegro-qde-hp-SOLE.jpg\",\"contentUrl\":\"https:\/\/www.hpmotorrad.rentals\/wp-content\/uploads\/2025\/09\/novegro-qde-hp-SOLE.jpg\"},{\"@type\":\"BreadcrumbList\",\"@id\":\"https:\/\/www.hpmotorrad.rentals\/es\/sobre-nosotros-alquiler-de-motos-en-italia\/#breadcrumb\",\"itemListElement\":[{\"@type\":\"ListItem\",\"position\":1,\"name\":\"Home\",\"item\":\"https:\/\/www.hpmotorrad.rentals\/es\/\"},{\"@type\":\"ListItem\",\"position\":2,\"name\":\"Sobre nosotros\"}]},{\"@type\":\"WebSite\",\"@id\":\"https:\/\/www.hpmotorrad.rentals\/es\/#website\",\"url\":\"https:\/\/www.hpmotorrad.rentals\/es\/\",\"name\":\"HP Motorrad Rentals\",\"description\":\"\",\"publisher\":{\"@id\":\"https:\/\/www.hpmotorrad.rentals\/es\/#organization\"},\"potentialAction\":[{\"@type\":\"SearchAction\",\"target\":{\"@type\":\"EntryPoint\",\"urlTemplate\":\"https:\/\/www.hpmotorrad.rentals\/es\/?s={search_term_string}\"},\"query-input\":{\"@type\":\"PropertyValueSpecification\",\"valueRequired\":true,\"valueName\":\"search_term_string\"}}],\"inLanguage\":\"es\"},{\"@type\":\"Organization\",\"@id\":\"https:\/\/www.hpmotorrad.rentals\/es\/#organization\",\"name\":\"HP Motorrad Rentals\",\"url\":\"https:\/\/www.hpmotorrad.rentals\/es\/\",\"logo\":{\"@type\":\"ImageObject\",\"inLanguage\":\"es\",\"@id\":\"https:\/\/www.hpmotorrad.rentals\/es\/#\/schema\/logo\/image\/\",\"url\":\"https:\/\/www.hpmotorrad.rentals\/wp-content\/uploads\/2025\/09\/logo-seo.jpg\",\"contentUrl\":\"https:\/\/www.hpmotorrad.rentals\/wp-content\/uploads\/2025\/09\/logo-seo.jpg\",\"width\":200,\"height\":200,\"caption\":\"HP Motorrad Rentals\"},\"image\":{\"@id\":\"https:\/\/www.hpmotorrad.rentals\/es\/#\/schema\/logo\/image\/\"}}]}<\/script>\n<!-- \/ Yoast SEO plugin. -->","yoast_head_json":{"title":"Qui\u00e9nes Somos \u2013 HP Motorrad | Alquiler de Motos en Italia","description":"HP Motorrad, l\u00edder en alquiler de motos BMW y Ducati en Italia. Servicio premium, rutas personalizadas, tours y entrega en toda Europa","robots":{"index":"index","follow":"follow","max-snippet":"max-snippet:-1","max-image-preview":"max-image-preview:large","max-video-preview":"max-video-preview:-1"},"canonical":"https:\/\/www.hpmotorrad.rentals\/es\/sobre-nosotros-alquiler-de-motos-en-italia\/","og_locale":"es_ES","og_type":"article","og_title":"Qui\u00e9nes Somos \u2013 HP Motorrad | Alquiler de Motos en Italia","og_description":"HP Motorrad, l\u00edder en alquiler de motos BMW y Ducati en Italia. Servicio premium, rutas personalizadas, tours y entrega en toda Europa","og_url":"https:\/\/www.hpmotorrad.rentals\/es\/sobre-nosotros-alquiler-de-motos-en-italia\/","og_site_name":"HP Motorrad Rentals","article_modified_time":"2025-11-25T15:03:57+00:00","og_image":[{"url":"https:\/\/www.hpmotorrad.rentals\/wp-content\/uploads\/2025\/09\/novegro-qde-hp-SOLE.jpg","type":"","width":"","height":""}],"twitter_card":"summary_large_image","twitter_misc":{"Tiempo de lectura":"2 minutos"},"schema":{"@context":"https:\/\/schema.org","@graph":[{"@type":"WebPage","@id":"https:\/\/www.hpmotorrad.rentals\/es\/sobre-nosotros-alquiler-de-motos-en-italia\/","url":"https:\/\/www.hpmotorrad.rentals\/es\/sobre-nosotros-alquiler-de-motos-en-italia\/","name":"Qui\u00e9nes Somos \u2013 HP Motorrad | Alquiler de Motos en Italia","isPartOf":{"@id":"https:\/\/www.hpmotorrad.rentals\/es\/#website"},"primaryImageOfPage":{"@id":"https:\/\/www.hpmotorrad.rentals\/es\/sobre-nosotros-alquiler-de-motos-en-italia\/#primaryimage"},"image":{"@id":"https:\/\/www.hpmotorrad.rentals\/es\/sobre-nosotros-alquiler-de-motos-en-italia\/#primaryimage"},"thumbnailUrl":"https:\/\/www.hpmotorrad.rentals\/wp-content\/uploads\/2025\/09\/novegro-qde-hp-SOLE.jpg","datePublished":"2025-09-25T10:33:30+00:00","dateModified":"2025-11-25T15:03:57+00:00","description":"HP Motorrad, l\u00edder en alquiler de motos BMW y Ducati en Italia. Servicio premium, rutas personalizadas, tours y entrega en toda Europa","breadcrumb":{"@id":"https:\/\/www.hpmotorrad.rentals\/es\/sobre-nosotros-alquiler-de-motos-en-italia\/#breadcrumb"},"inLanguage":"es","potentialAction":[{"@type":"ReadAction","target":["https:\/\/www.hpmotorrad.rentals\/es\/sobre-nosotros-alquiler-de-motos-en-italia\/"]}]},{"@type":"ImageObject","inLanguage":"es","@id":"https:\/\/www.hpmotorrad.rentals\/es\/sobre-nosotros-alquiler-de-motos-en-italia\/#primaryimage","url":"https:\/\/www.hpmotorrad.rentals\/wp-content\/uploads\/2025\/09\/novegro-qde-hp-SOLE.jpg","contentUrl":"https:\/\/www.hpmotorrad.rentals\/wp-content\/uploads\/2025\/09\/novegro-qde-hp-SOLE.jpg"},{"@type":"BreadcrumbList","@id":"https:\/\/www.hpmotorrad.rentals\/es\/sobre-nosotros-alquiler-de-motos-en-italia\/#breadcrumb","itemListElement":[{"@type":"ListItem","position":1,"name":"Home","item":"https:\/\/www.hpmotorrad.rentals\/es\/"},{"@type":"ListItem","position":2,"name":"Sobre nosotros"}]},{"@type":"WebSite","@id":"https:\/\/www.hpmotorrad.rentals\/es\/#website","url":"https:\/\/www.hpmotorrad.rentals\/es\/","name":"HP Motorrad Rentals","description":"","publisher":{"@id":"https:\/\/www.hpmotorrad.rentals\/es\/#organization"},"potentialAction":[{"@type":"SearchAction","target":{"@type":"EntryPoint","urlTemplate":"https:\/\/www.hpmotorrad.rentals\/es\/?s={search_term_string}"},"query-input":{"@type":"PropertyValueSpecification","valueRequired":true,"valueName":"search_term_string"}}],"inLanguage":"es"},{"@type":"Organization","@id":"https:\/\/www.hpmotorrad.rentals\/es\/#organization","name":"HP Motorrad Rentals","url":"https:\/\/www.hpmotorrad.rentals\/es\/","logo":{"@type":"ImageObject","inLanguage":"es","@id":"https:\/\/www.hpmotorrad.rentals\/es\/#\/schema\/logo\/image\/","url":"https:\/\/www.hpmotorrad.rentals\/wp-content\/uploads\/2025\/09\/logo-seo.jpg","contentUrl":"https:\/\/www.hpmotorrad.rentals\/wp-content\/uploads\/2025\/09\/logo-seo.jpg","width":200,"height":200,"caption":"HP Motorrad Rentals"},"image":{"@id":"https:\/\/www.hpmotorrad.rentals\/es\/#\/schema\/logo\/image\/"}}]}},"_links":{"self":[{"href":"https:\/\/www.hpmotorrad.rentals\/es\/wp-json\/wp\/v2\/pages\/1352","targetHints":{"allow":["GET"]}}],"collection":[{"href":"https:\/\/www.hpmotorrad.rentals\/es\/wp-json\/wp\/v2\/pages"}],"about":[{"href":"https:\/\/www.hpmotorrad.rentals\/es\/wp-json\/wp\/v2\/types\/page"}],"author":[{"embeddable":true,"href":"https:\/\/www.hpmotorrad.rentals\/es\/wp-json\/wp\/v2\/users\/1"}],"replies":[{"embeddable":true,"href":"https:\/\/www.hpmotorrad.rentals\/es\/wp-json\/wp\/v2\/comments?post=1352"}],"version-history":[{"count":10,"href":"https:\/\/www.hpmotorrad.rentals\/es\/wp-json\/wp\/v2\/pages\/1352\/revisions"}],"predecessor-version":[{"id":4221,"href":"https:\/\/www.hpmotorrad.rentals\/es\/wp-json\/wp\/v2\/pages\/1352\/revisions\/4221"}],"wp:attachment":[{"href":"https:\/\/www.hpmotorrad.rentals\/es\/wp-json\/wp\/v2\/media?parent=1352"}],"curies":[{"name":"wp","href":"https:\/\/api.w.org\/{rel}","templated":true}]}}